									
{"id":502,"date":"2023-07-04T17:30:07","date_gmt":"2023-07-04T17:30:07","guid":{"rendered":"https:\/\/nuevaweb.elcineenelcine.com\/?page_id=502"},"modified":"2026-03-26T09:50:55","modified_gmt":"2026-03-26T09:50:55","slug":"socios","status":"publish","type":"page","link":"https:\/\/cineslys.com\/val\/socios\/","title":{"rendered":"Socios"},"content":{"rendered":"<div data-elementor-type=\"wp-page\" data-elementor-id=\"502\" class=\"elementor elementor-502\" data-elementor-post-type=\"page\">\n\t\t\t\t\t\t<section class=\"elementor-section elementor-top-section elementor-element elementor-element-26a4423 elementor-section-content-middle elementor-section-boxed elementor-section-height-default elementor-section-height-default\" data-id=\"26a4423\" data-element_type=\"section\">\n\t\t\t\t\t\t<div class=\"elementor-container elementor-column-gap-default\">\n\t\t\t\t\t<div class=\"elementor-column elementor-col-50 elementor-top-column elementor-element elementor-element-61ed9cb\" data-id=\"61ed9cb\" data-element_type=\"column\">\n\t\t\t<div class=\"elementor-widget-wrap elementor-element-populated\">\n\t\t\t\t\t\t<div class=\"elementor-element elementor-element-e01a705 elementor-widget elementor-widget-heading\" data-id=\"e01a705\" data-element_type=\"widget\" data-widget_type=\"heading.default\">\n\t\t\t\t<div class=\"elementor-widget-container\">\n\t\t\t\t\t<h1 class=\"elementor-heading-title elementor-size-default\">Socios<br>Cines Lys<\/h1>\t\t\t\t<\/div>\n\t\t\t\t<\/div>\n\t\t\t\t<div class=\"elementor-element elementor-element-2c77d71 elementor-widget elementor-widget-text-editor\" data-id=\"2c77d71\" data-element_type=\"widget\" data-widget_type=\"text-editor.default\">\n\t\t\t\t<div class=\"elementor-widget-container\">\n\t\t\t\t\t\t\t\t\t<p><strong>\u00bfQuieres ser soci@ de Cines Lys?<\/strong><\/p><p>Aprovecha todas las ventajas que tiene ser socios de los Cines Lys de Valencia: entradas econ\u00f3micas, acumulas puntos&#8230; te enumeramos todas ellas. Si eres socio, puedes acceder con el siguiente enlace.<\/p>\t\t\t\t\t\t\t\t<\/div>\n\t\t\t\t<\/div>\n\t\t\t\t<div class=\"elementor-element elementor-element-002ea56 elementor-align-left elementor-widget elementor-widget-button\" data-id=\"002ea56\" data-element_type=\"widget\" data-widget_type=\"button.default\">\n\t\t\t\t<div class=\"elementor-widget-container\">\n\t\t\t\t\t\t\t\t\t<div class=\"elementor-button-wrapper\">\n\t\t\t\t\t<a class=\"elementor-button elementor-button-link elementor-size-sm\" href=\"https:\/\/www.reservaentradas.com\/cine\/valencia\/cineslys?fidelize=1\" rel=\"nofollow noopener\" target=\"_blank\">\n\t\t\t\t\t\t<span class=\"elementor-button-content-wrapper\">\n\t\t\t\t\t\t\t\t\t<span class=\"elementor-button-text\">\u00c1REA SOCIO<\/span>\n\t\t\t\t\t<\/span>\n\t\t\t\t\t<\/a>\n\t\t\t\t<\/div>\n\t\t\t\t\t\t\t\t<\/div>\n\t\t\t\t<\/div>\n\t\t\t\t\t<\/div>\n\t\t<\/div>\n\t\t\t\t<div class=\"elementor-column elementor-col-50 elementor-top-column elementor-element elementor-element-6f3e9ac\" data-id=\"6f3e9ac\" data-element_type=\"column\">\n\t\t\t<div class=\"elementor-widget-wrap elementor-element-populated\">\n\t\t\t\t\t\t<div class=\"elementor-element elementor-element-567bc12 elementor-widget elementor-widget-image\" data-id=\"567bc12\" data-element_type=\"widget\" data-widget_type=\"image.default\">\n\t\t\t\t<div class=\"elementor-widget-container\">\n\t\t\t\t\t\t\t\t\t\t\t\t\t\t\t<img fetchpriority=\"high\" decoding=\"async\" width=\"750\" height=\"422\" src=\"https:\/\/cineslys.com\/wp-content\/uploads\/2023\/07\/campana-fidelizacion0-1024x576.jpg\" class=\"attachment-large size-large wp-image-511\" alt=\"\" srcset=\"https:\/\/cineslys.com\/wp-content\/uploads\/2023\/07\/campana-fidelizacion0-1024x576.jpg 1024w, https:\/\/cineslys.com\/wp-content\/uploads\/2023\/07\/campana-fidelizacion0-300x169.jpg 300w, https:\/\/cineslys.com\/wp-content\/uploads\/2023\/07\/campana-fidelizacion0-768x432.jpg 768w, https:\/\/cineslys.com\/wp-content\/uploads\/2023\/07\/campana-fidelizacion0.jpg 1426w\" sizes=\"(max-width: 750px) 100vw, 750px\" style=\"width:100%;height:56.24%;max-width:1426px\" title=\"\">\t\t\t\t\t\t\t\t\t\t\t\t\t\t\t<\/div>\n\t\t\t\t<\/div>\n\t\t\t\t\t<\/div>\n\t\t<\/div>\n\t\t\t\t\t<\/div>\n\t\t<\/section>\n\t\t\t\t<section class=\"elementor-section elementor-top-section elementor-element elementor-element-a6dd58b elementor-section-boxed elementor-section-height-default elementor-section-height-default\" data-id=\"a6dd58b\" data-element_type=\"section\">\n\t\t\t\t\t\t<div class=\"elementor-container elementor-column-gap-default\">\n\t\t\t\t\t<div class=\"elementor-column elementor-col-50 elementor-top-column elementor-element elementor-element-75fbf48\" data-id=\"75fbf48\" data-element_type=\"column\">\n\t\t\t<div class=\"elementor-widget-wrap\">\n\t\t\t\t\t\t\t<\/div>\n\t\t<\/div>\n\t\t\t\t<div class=\"elementor-column elementor-col-50 elementor-top-column elementor-element elementor-element-49f7c8a\" data-id=\"49f7c8a\" data-element_type=\"column\">\n\t\t\t<div class=\"elementor-widget-wrap elementor-element-populated\">\n\t\t\t\t\t\t<div class=\"elementor-element elementor-element-b909762 elementor-widget elementor-widget-text-editor\" data-id=\"b909762\" data-element_type=\"widget\" data-widget_type=\"text-editor.default\">\n\t\t\t\t<div class=\"elementor-widget-container\">\n\t\t\t\t\t\t\t\t\t<p><strong>Entradas a 6 o 7\u20ac\u00a0<\/strong><\/p>\t\t\t\t\t\t\t\t<\/div>\n\t\t\t\t<\/div>\n\t\t\t\t<div class=\"elementor-element elementor-element-6abd8cb elementor-widget elementor-widget-text-editor\" data-id=\"6abd8cb\" data-element_type=\"widget\" data-widget_type=\"text-editor.default\">\n\t\t\t\t<div class=\"elementor-widget-container\">\n\t\t\t\t\t\t\t\t\t<p>6Los Socios de Cines Lys tienen dos precios: 6\u20ac los lunes, martes y jueves; y 7\u20ac viernes, fin de semana, v\u00edsperas y festivos.\u00a0<\/p><p>Puedes comprar hasta 4 entradas desde la web y app de Reserva Entradas con esta tarifa. Muy importante para el siguiente punto&#8230;<\/p>\t\t\t\t\t\t\t\t<\/div>\n\t\t\t\t<\/div>\n\t\t\t\t<div class=\"elementor-element elementor-element-c16dcc0 elementor-align-left elementor-widget elementor-widget-button\" data-id=\"c16dcc0\" data-element_type=\"widget\" data-widget_type=\"button.default\">\n\t\t\t\t<div class=\"elementor-widget-container\">\n\t\t\t\t\t\t\t\t\t<div class=\"elementor-button-wrapper\">\n\t\t\t\t\t<a class=\"elementor-button elementor-button-link elementor-size-sm\" href=\"https:\/\/www.reservaentradas.com\/cine\/valencia\/cineslys?#registro\" rel=\"nofollow noopener\" target=\"_blank\">\n\t\t\t\t\t\t<span class=\"elementor-button-content-wrapper\">\n\t\t\t\t\t\t\t\t\t<span class=\"elementor-button-text\">HAZTE SOCIO<\/span>\n\t\t\t\t\t<\/span>\n\t\t\t\t\t<\/a>\n\t\t\t\t<\/div>\n\t\t\t\t\t\t\t\t<\/div>\n\t\t\t\t<\/div>\n\t\t\t\t\t<\/div>\n\t\t<\/div>\n\t\t\t\t\t<\/div>\n\t\t<\/section>\n\t\t\t\t<section class=\"elementor-section elementor-top-section elementor-element elementor-element-e5d5066 elementor-section-boxed elementor-section-height-default elementor-section-height-default\" data-id=\"e5d5066\" data-element_type=\"section\">\n\t\t\t\t\t\t<div class=\"elementor-container elementor-column-gap-default\">\n\t\t\t\t\t<div class=\"elementor-column elementor-col-50 elementor-top-column elementor-element elementor-element-61768fd\" data-id=\"61768fd\" data-element_type=\"column\">\n\t\t\t<div class=\"elementor-widget-wrap elementor-element-populated\">\n\t\t\t\t\t\t<div class=\"elementor-element elementor-element-71b6aff elementor-widget elementor-widget-text-editor\" data-id=\"71b6aff\" data-element_type=\"widget\" data-widget_type=\"text-editor.default\">\n\t\t\t\t<div class=\"elementor-widget-container\">\n\t\t\t\t\t\t\t\t\t<p>Acumula puntos y canjea por entradas o Combos<\/p>\t\t\t\t\t\t\t\t<\/div>\n\t\t\t\t<\/div>\n\t\t\t\t<div class=\"elementor-element elementor-element-95bbb9b elementor-widget elementor-widget-text-editor\" data-id=\"95bbb9b\" data-element_type=\"widget\" data-widget_type=\"text-editor.default\">\n\t\t\t\t<div class=\"elementor-widget-container\">\n\t\t\t\t\t\t\t\t\t<p>Cada compra de entradas acumular\u00e1 puntos en tu \u00abbilletera online\u00bb que podr\u00e1s usar para canjear por entradas o por ComboLys.\u00a0<br \/>Al comprar online acumulas 4 puntos por entrada. Canjear un ComboLys son 11 puntos, una entrada de lunes a jueves 15 puntos y para fin de semana, v\u00edspera o festivo son 21 puntos.\u00a0\u00a0<\/p>\t\t\t\t\t\t\t\t<\/div>\n\t\t\t\t<\/div>\n\t\t\t\t<div class=\"elementor-element elementor-element-09ae5ab elementor-align-left elementor-widget elementor-widget-button\" data-id=\"09ae5ab\" data-element_type=\"widget\" data-widget_type=\"button.default\">\n\t\t\t\t<div class=\"elementor-widget-container\">\n\t\t\t\t\t\t\t\t\t<div class=\"elementor-button-wrapper\">\n\t\t\t\t\t<a class=\"elementor-button elementor-button-link elementor-size-sm\" href=\"https:\/\/www.reservaentradas.com\/cine\/valencia\/cineslys?#registro\" rel=\"nofollow noopener\" target=\"_blank\">\n\t\t\t\t\t\t<span class=\"elementor-button-content-wrapper\">\n\t\t\t\t\t\t\t\t\t<span class=\"elementor-button-text\">HAZTE SOCIO<\/span>\n\t\t\t\t\t<\/span>\n\t\t\t\t\t<\/a>\n\t\t\t\t<\/div>\n\t\t\t\t\t\t\t\t<\/div>\n\t\t\t\t<\/div>\n\t\t\t\t\t<\/div>\n\t\t<\/div>\n\t\t\t\t<div class=\"elementor-column elementor-col-50 elementor-top-column elementor-element elementor-element-840fc52\" data-id=\"840fc52\" data-element_type=\"column\">\n\t\t\t<div class=\"elementor-widget-wrap elementor-element-populated\">\n\t\t\t\t\t\t<div class=\"elementor-element elementor-element-b1474db elementor-widget elementor-widget-image\" data-id=\"b1474db\" data-element_type=\"widget\" data-widget_type=\"image.default\">\n\t\t\t\t<div class=\"elementor-widget-container\">\n\t\t\t\t\t\t\t\t\t\t\t\t\t\t\t<img decoding=\"async\" width=\"750\" height=\"429\" src=\"https:\/\/cineslys.com\/wp-content\/uploads\/2023\/07\/campana-fidelizacion03-1024x586.jpg\" class=\"attachment-large size-large wp-image-510\" alt=\"\" srcset=\"https:\/\/cineslys.com\/wp-content\/uploads\/2023\/07\/campana-fidelizacion03-1024x586.jpg 1024w, https:\/\/cineslys.com\/wp-content\/uploads\/2023\/07\/campana-fidelizacion03-300x172.jpg 300w, https:\/\/cineslys.com\/wp-content\/uploads\/2023\/07\/campana-fidelizacion03-768x439.jpg 768w, https:\/\/cineslys.com\/wp-content\/uploads\/2023\/07\/campana-fidelizacion03.jpg 1390w\" sizes=\"(max-width: 750px) 100vw, 750px\" style=\"width:100%;height:57.19%;max-width:1390px\" title=\"\">\t\t\t\t\t\t\t\t\t\t\t\t\t\t\t<\/div>\n\t\t\t\t<\/div>\n\t\t\t\t\t<\/div>\n\t\t<\/div>\n\t\t\t\t\t<\/div>\n\t\t<\/section>\n\t\t\t\t<section class=\"elementor-section elementor-top-section elementor-element elementor-element-ea9d35b elementor-section-boxed elementor-section-height-default elementor-section-height-default\" data-id=\"ea9d35b\" data-element_type=\"section\">\n\t\t\t\t\t\t<div class=\"elementor-container elementor-column-gap-default\">\n\t\t\t\t\t<div class=\"elementor-column elementor-col-50 elementor-top-column elementor-element elementor-element-849e799\" data-id=\"849e799\" data-element_type=\"column\">\n\t\t\t<div class=\"elementor-widget-wrap elementor-element-populated\">\n\t\t\t\t\t\t<div class=\"elementor-element elementor-element-721973e elementor-widget elementor-widget-image\" data-id=\"721973e\" data-element_type=\"widget\" data-widget_type=\"image.default\">\n\t\t\t\t<div class=\"elementor-widget-container\">\n\t\t\t\t\t\t\t\t\t\t\t\t\t\t\t<img decoding=\"async\" width=\"750\" height=\"430\" src=\"https:\/\/cineslys.com\/wp-content\/uploads\/2023\/07\/campana-fidelizacion02-1024x587.jpg\" class=\"attachment-large size-large wp-image-508\" alt=\"\" srcset=\"https:\/\/cineslys.com\/wp-content\/uploads\/2023\/07\/campana-fidelizacion02-1024x587.jpg 1024w, https:\/\/cineslys.com\/wp-content\/uploads\/2023\/07\/campana-fidelizacion02-300x172.jpg 300w, https:\/\/cineslys.com\/wp-content\/uploads\/2023\/07\/campana-fidelizacion02-768x440.jpg 768w, https:\/\/cineslys.com\/wp-content\/uploads\/2023\/07\/campana-fidelizacion02.jpg 1405w\" sizes=\"(max-width: 750px) 100vw, 750px\" style=\"width:100%;height:57.3%;max-width:1405px\" title=\"\">\t\t\t\t\t\t\t\t\t\t\t\t\t\t\t<\/div>\n\t\t\t\t<\/div>\n\t\t\t\t\t<\/div>\n\t\t<\/div>\n\t\t\t\t<div class=\"elementor-column elementor-col-50 elementor-top-column elementor-element elementor-element-3a01e41\" data-id=\"3a01e41\" data-element_type=\"column\">\n\t\t\t<div class=\"elementor-widget-wrap elementor-element-populated\">\n\t\t\t\t\t\t<div class=\"elementor-element elementor-element-2c07025 elementor-widget elementor-widget-text-editor\" data-id=\"2c07025\" data-element_type=\"widget\" data-widget_type=\"text-editor.default\">\n\t\t\t\t<div class=\"elementor-widget-container\">\n\t\t\t\t\t\t\t\t\t<p><strong>Mantente informado de los estrenos y eventos<\/strong><\/p>\t\t\t\t\t\t\t\t<\/div>\n\t\t\t\t<\/div>\n\t\t\t\t<div class=\"elementor-element elementor-element-3af9c79 elementor-widget elementor-widget-text-editor\" data-id=\"3af9c79\" data-element_type=\"widget\" data-widget_type=\"text-editor.default\">\n\t\t\t\t<div class=\"elementor-widget-container\">\n\t\t\t\t\t\t\t\t\t<p>Suscr\u00edbete a nuestra newsletter y te mantendremos informado de todas las actividades de Cines Lys, promociones especiales y la misma cartelera.<br \/>Recuerda marcar bien \u00abQuiero recibir cartelera y promociones\u00bb para recibir todas nuestras comunicaciones.\u00a0<\/p><p>\u00a0<\/p>\t\t\t\t\t\t\t\t<\/div>\n\t\t\t\t<\/div>\n\t\t\t\t<div class=\"elementor-element elementor-element-28e81be elementor-align-left elementor-widget elementor-widget-button\" data-id=\"28e81be\" data-element_type=\"widget\" data-widget_type=\"button.default\">\n\t\t\t\t<div class=\"elementor-widget-container\">\n\t\t\t\t\t\t\t\t\t<div class=\"elementor-button-wrapper\">\n\t\t\t\t\t<a class=\"elementor-button elementor-button-link elementor-size-sm\" href=\"https:\/\/www.reservaentradas.com\/cine\/valencia\/cineslys?#registro\" rel=\"nofollow noopener\" target=\"_blank\">\n\t\t\t\t\t\t<span class=\"elementor-button-content-wrapper\">\n\t\t\t\t\t\t\t\t\t<span class=\"elementor-button-text\">HAZTE SOCIO<\/span>\n\t\t\t\t\t<\/span>\n\t\t\t\t\t<\/a>\n\t\t\t\t<\/div>\n\t\t\t\t\t\t\t\t<\/div>\n\t\t\t\t<\/div>\n\t\t\t\t\t<\/div>\n\t\t<\/div>\n\t\t\t\t\t<\/div>\n\t\t<\/section>\n\t\t\t\t<section class=\"elementor-section elementor-top-section elementor-element elementor-element-dc1215f elementor-section-boxed elementor-section-height-default elementor-section-height-default\" data-id=\"dc1215f\" data-element_type=\"section\">\n\t\t\t\t\t\t<div class=\"elementor-container elementor-column-gap-default\">\n\t\t\t\t\t<div class=\"elementor-column elementor-col-50 elementor-top-column elementor-element elementor-element-a8618c2\" data-id=\"a8618c2\" data-element_type=\"column\">\n\t\t\t<div class=\"elementor-widget-wrap elementor-element-populated\">\n\t\t\t\t\t\t<div class=\"elementor-element elementor-element-257732a elementor-widget elementor-widget-text-editor\" data-id=\"257732a\" data-element_type=\"widget\" data-widget_type=\"text-editor.default\">\n\t\t\t\t<div class=\"elementor-widget-container\">\n\t\t\t\t\t\t\t\t\t<p><strong>Te invitamos a los preestrenos de tus pel\u00edculas favoritas en Cines Lys<\/strong><\/p>\t\t\t\t\t\t\t\t<\/div>\n\t\t\t\t<\/div>\n\t\t\t\t<div class=\"elementor-element elementor-element-2ffbad4 elementor-widget elementor-widget-text-editor\" data-id=\"2ffbad4\" data-element_type=\"widget\" data-widget_type=\"text-editor.default\">\n\t\t\t\t<div class=\"elementor-widget-container\">\n\t\t\t\t\t\t\t\t\t<p>Regularmente hacemos sorteos en redes sociales, pero siempre guardamos una cantidad de entradas para socios. Recuerda al apuntarte marcar \u00abQuiero recibir promociones\u00bb para enterarte bien de los preestrenos.<\/p>\t\t\t\t\t\t\t\t<\/div>\n\t\t\t\t<\/div>\n\t\t\t\t<div class=\"elementor-element elementor-element-22d68ff elementor-align-left elementor-widget elementor-widget-button\" data-id=\"22d68ff\" data-element_type=\"widget\" data-widget_type=\"button.default\">\n\t\t\t\t<div class=\"elementor-widget-container\">\n\t\t\t\t\t\t\t\t\t<div class=\"elementor-button-wrapper\">\n\t\t\t\t\t<a class=\"elementor-button elementor-button-link elementor-size-sm\" href=\"https:\/\/www.reservaentradas.com\/cine\/valencia\/cineslys?#registro\" rel=\"nofollow noopener\" target=\"_blank\">\n\t\t\t\t\t\t<span class=\"elementor-button-content-wrapper\">\n\t\t\t\t\t\t\t\t\t<span class=\"elementor-button-text\">HAZTE SOCIO<\/span>\n\t\t\t\t\t<\/span>\n\t\t\t\t\t<\/a>\n\t\t\t\t<\/div>\n\t\t\t\t\t\t\t\t<\/div>\n\t\t\t\t<\/div>\n\t\t\t\t\t<\/div>\n\t\t<\/div>\n\t\t\t\t<div class=\"elementor-column elementor-col-50 elementor-top-column elementor-element elementor-element-d28b41b\" data-id=\"d28b41b\" data-element_type=\"column\">\n\t\t\t<div class=\"elementor-widget-wrap elementor-element-populated\">\n\t\t\t\t\t\t<div class=\"elementor-element elementor-element-d15f6a5 elementor-widget elementor-widget-image\" data-id=\"d15f6a5\" data-element_type=\"widget\" data-widget_type=\"image.default\">\n\t\t\t\t<div class=\"elementor-widget-container\">\n\t\t\t\t\t\t\t\t\t\t\t\t\t\t\t<img loading=\"lazy\" decoding=\"async\" width=\"750\" height=\"432\" src=\"https:\/\/cineslys.com\/wp-content\/uploads\/2023\/07\/campana-fidelizacion04-1024x590.jpg\" class=\"attachment-large size-large wp-image-512\" alt=\"\" srcset=\"https:\/\/cineslys.com\/wp-content\/uploads\/2023\/07\/campana-fidelizacion04-1024x590.jpg 1024w, https:\/\/cineslys.com\/wp-content\/uploads\/2023\/07\/campana-fidelizacion04-300x173.jpg 300w, https:\/\/cineslys.com\/wp-content\/uploads\/2023\/07\/campana-fidelizacion04-768x442.jpg 768w, https:\/\/cineslys.com\/wp-content\/uploads\/2023\/07\/campana-fidelizacion04.jpg 1393w\" sizes=\"(max-width: 750px) 100vw, 750px\" style=\"width:100%;height:57.57%;max-width:1393px\" title=\"\">\t\t\t\t\t\t\t\t\t\t\t\t\t\t\t<\/div>\n\t\t\t\t<\/div>\n\t\t\t\t\t<\/div>\n\t\t<\/div>\n\t\t\t\t\t<\/div>\n\t\t<\/section>\n\t\t\t\t<section class=\"elementor-section elementor-top-section elementor-element elementor-element-14e6305 elementor-section-boxed elementor-section-height-default elementor-section-height-default\" data-id=\"14e6305\" data-element_type=\"section\">\n\t\t\t\t\t\t<div class=\"elementor-container elementor-column-gap-default\">\n\t\t\t\t\t<div class=\"elementor-column elementor-col-50 elementor-top-column elementor-element elementor-element-3bd59ad\" data-id=\"3bd59ad\" data-element_type=\"column\">\n\t\t\t<div class=\"elementor-widget-wrap elementor-element-populated\">\n\t\t\t\t\t\t<div class=\"elementor-element elementor-element-c4c13fd elementor-widget elementor-widget-text-editor\" data-id=\"c4c13fd\" data-element_type=\"widget\" data-widget_type=\"text-editor.default\">\n\t\t\t\t<div class=\"elementor-widget-container\">\n\t\t\t\t\t\t\t\t\t<p><strong>\u00a1Y te regalamos la entrada en tu cumplea\u00f1os!<\/strong><\/p>\t\t\t\t\t\t\t\t<\/div>\n\t\t\t\t<\/div>\n\t\t\t\t<div class=\"elementor-element elementor-element-ce38786 elementor-widget elementor-widget-text-editor\" data-id=\"ce38786\" data-element_type=\"widget\" data-widget_type=\"text-editor.default\">\n\t\t\t\t<div class=\"elementor-widget-container\">\n\t\t\t\t\t\t\t\t\t<p>Que mejor para celebrar tu cumplea\u00f1os que un regalo de una entrada. Esta no se puede transferir y solo ser\u00e1 v\u00e1lida para el mismo d\u00eda del cumplea\u00f1os.\u00a0<\/p>\t\t\t\t\t\t\t\t<\/div>\n\t\t\t\t<\/div>\n\t\t\t\t<div class=\"elementor-element elementor-element-6e5264c elementor-align-left elementor-widget elementor-widget-button\" data-id=\"6e5264c\" data-element_type=\"widget\" data-widget_type=\"button.default\">\n\t\t\t\t<div class=\"elementor-widget-container\">\n\t\t\t\t\t\t\t\t\t<div class=\"elementor-button-wrapper\">\n\t\t\t\t\t<a class=\"elementor-button elementor-button-link elementor-size-sm\" href=\"https:\/\/www.reservaentradas.com\/cine\/valencia\/cineslys?#registro\" rel=\"nofollow noopener\" target=\"_blank\">\n\t\t\t\t\t\t<span class=\"elementor-button-content-wrapper\">\n\t\t\t\t\t\t\t\t\t<span class=\"elementor-button-text\">HAZTE SOCIO<\/span>\n\t\t\t\t\t<\/span>\n\t\t\t\t\t<\/a>\n\t\t\t\t<\/div>\n\t\t\t\t\t\t\t\t<\/div>\n\t\t\t\t<\/div>\n\t\t\t\t\t<\/div>\n\t\t<\/div>\n\t\t\t\t<div class=\"elementor-column elementor-col-50 elementor-top-column elementor-element elementor-element-aed2134\" data-id=\"aed2134\" data-element_type=\"column\">\n\t\t\t<div class=\"elementor-widget-wrap elementor-element-populated\">\n\t\t\t\t\t\t<div class=\"elementor-element elementor-element-cbb5b75 elementor-widget elementor-widget-image\" data-id=\"cbb5b75\" data-element_type=\"widget\" data-widget_type=\"image.default\">\n\t\t\t\t<div class=\"elementor-widget-container\">\n\t\t\t\t\t\t\t\t\t\t\t\t\t\t\t<img loading=\"lazy\" decoding=\"async\" width=\"750\" height=\"417\" src=\"https:\/\/cineslys.com\/wp-content\/uploads\/2023\/07\/campana-fidelizacion06-1024x570.jpg\" class=\"attachment-large size-large wp-image-517\" alt=\"\" srcset=\"https:\/\/cineslys.com\/wp-content\/uploads\/2023\/07\/campana-fidelizacion06-1024x570.jpg 1024w, https:\/\/cineslys.com\/wp-content\/uploads\/2023\/07\/campana-fidelizacion06-300x167.jpg 300w, https:\/\/cineslys.com\/wp-content\/uploads\/2023\/07\/campana-fidelizacion06-768x428.jpg 768w, https:\/\/cineslys.com\/wp-content\/uploads\/2023\/07\/campana-fidelizacion06.jpg 1424w\" sizes=\"(max-width: 750px) 100vw, 750px\" style=\"width:100%;height:55.69%;max-width:1424px\" title=\"\">\t\t\t\t\t\t\t\t\t\t\t\t\t\t\t<\/div>\n\t\t\t\t<\/div>\n\t\t\t\t\t<\/div>\n\t\t<\/div>\n\t\t\t\t\t<\/div>\n\t\t<\/section>\n\t\t\t\t<\/div>","protected":false},"excerpt":{"rendered":"<p>SociosCines Lys \u00bfQuieres ser soci@ de Cines Lys? Aprovecha todas las ventajas que tiene ser socios de los Cines Lys de Valencia: entradas econ\u00f3micas, acumulas puntos&#8230; te enumeramos todas ellas.&hellip; <a class=\"more-link\" href=\"https:\/\/cineslys.com\/val\/socios\/\">Continue reading <span class=\"screen-reader-text\">Socios<\/span><\/a><\/p>","protected":false},"author":1,"featured_media":0,"parent":0,"menu_order":0,"comment_status":"closed","ping_status":"closed","template":"","meta":{"footnotes":""},"class_list":["post-502","page","type-page","status-publish","hentry","entry"],"_links":{"self":[{"href":"https:\/\/cineslys.com\/val\/wp-json\/wp\/v2\/pages\/502","targetHints":{"allow":["GET"]}}],"collection":[{"href":"https:\/\/cineslys.com\/val\/wp-json\/wp\/v2\/pages"}],"about":[{"href":"https:\/\/cineslys.com\/val\/wp-json\/wp\/v2\/types\/page"}],"author":[{"embeddable":true,"href":"https:\/\/cineslys.com\/val\/wp-json\/wp\/v2\/users\/1"}],"replies":[{"embeddable":true,"href":"https:\/\/cineslys.com\/val\/wp-json\/wp\/v2\/comments?post=502"}],"version-history":[{"count":3,"href":"https:\/\/cineslys.com\/val\/wp-json\/wp\/v2\/pages\/502\/revisions"}],"predecessor-version":[{"id":11743,"href":"https:\/\/cineslys.com\/val\/wp-json\/wp\/v2\/pages\/502\/revisions\/11743"}],"wp:attachment":[{"href":"https:\/\/cineslys.com\/val\/wp-json\/wp\/v2\/media?parent=502"}],"curies":[{"name":"wp","href":"https:\/\/api.w.org\/{rel}","templated":true}]}}